{"id":26,"date":"2021-07-23T14:55:21","date_gmt":"2021-07-23T14:55:21","guid":{"rendered":"https:\/\/iko.cl\/store\/?post_type=product&#038;p=26"},"modified":"2026-02-11T03:55:12","modified_gmt":"2026-02-11T03:55:12","slug":"calefactor-industrial","status":"publish","type":"product","link":"https:\/\/iko.cl\/store\/index.php\/product\/calefactor-industrial\/","title":{"rendered":"Calefactor Industrial"},"content":{"rendered":"<p>Este calefactor infrarrojo es ideal para aclimatar \u00e1reas industriales de grandes superficies, como talleres, bodegas y otros espacios. Al instalarlo de manera adecuada ser\u00e1 la soluci\u00f3n ideal para cualquier espacio, sin importar la altura de los techos o la dimensi\u00f3n de las \u00e1reas.<\/p>\n<p>Adem\u00e1s, no tendr\u00e1s que preocuparte por los desechos ni los olores, este calefactor industrial es 100% limpio y amigable con el medio ambiente.<\/p>\n<p>Su rendimiento es insuperable, con una vida \u00fatil de 20 a\u00f1os, utiliz\u00e1ndolo 24\/7. Contamos con modelos disponibles de 2000W, 2660W y 3000W, pero nuestros ingenieros podr\u00e1n desarrollar cualquier proyecto, dise\u00f1ando y fabricando un calefactor que se ajuste a cualquier necesidad y espacio.<\/p>\n<p>La instalaci\u00f3n de estos equipos ayudan a proteger la salud de todos los trabajadores, disminuyendo dr\u00e1sticamente las licencias m\u00e9dicas por resfriado durante el invierno, ya que los rayos de este tipo de calor infrarrojo son similares a los que emite el sol.<\/p>\n<p>Incluso a temperaturas bajo cero en el exterior, este calefactor industrial brindar\u00e1 un ambiente c\u00f3modo para trabajar en el espacio que necesites, permitiendo concentrarse en las labores diarias sin preocuparse del fr\u00edo.<\/p>\n","protected":false},"excerpt":{"rendered":"<p>Este calefactor infrarrojo es ideal para aclimatar \u00e1reas industriales de grandes superficies, como talleres, bodegas y otros espacios. Al instalarlo de manera adecuada ser\u00e1 la soluci\u00f3n ideal para cualquier espacio, sin importar la altura de los techos o la dimensi\u00f3n de las \u00e1reas. Adem\u00e1s, no tendr\u00e1s que preocuparte por los desechos ni los olores, este &#8230; <a title=\"Calefactor Industrial\" class=\"read-more\" href=\"https:\/\/iko.cl\/store\/index.php\/product\/calefactor-industrial\/\" aria-label=\"M\u00e1s en Calefactor Industrial\">Leer m\u00e1s<\/a><\/p>\n","protected":false},"featured_media":24,"comment_status":"open","ping_status":"closed","template":"","meta":[],"product_cat":[20,21],"product_tag":[],"class_list":["post-26","product","type-product","status-publish","has-post-thumbnail","hentry","product_cat-calefactor","product_cat-industrial","sales-flash-overlay","woocommerce-text-align-center","woocommerce-image-align-center","do-quantity-buttons","wc-has-gallery"],"_links":{"self":[{"href":"https:\/\/iko.cl\/store\/index.php\/wp-json\/wp\/v2\/product\/26","targetHints":{"allow":["GET"]}}],"collection":[{"href":"https:\/\/iko.cl\/store\/index.php\/wp-json\/wp\/v2\/product"}],"about":[{"href":"https:\/\/iko.cl\/store\/index.php\/wp-json\/wp\/v2\/types\/product"}],"replies":[{"embeddable":true,"href":"https:\/\/iko.cl\/store\/index.php\/wp-json\/wp\/v2\/comments?post=26"}],"wp:featuredmedia":[{"embeddable":true,"href":"https:\/\/iko.cl\/store\/index.php\/wp-json\/wp\/v2\/media\/24"}],"wp:attachment":[{"href":"https:\/\/iko.cl\/store\/index.php\/wp-json\/wp\/v2\/media?parent=26"}],"wp:term":[{"taxonomy":"product_cat","embeddable":true,"href":"https:\/\/iko.cl\/store\/index.php\/wp-json\/wp\/v2\/product_cat?post=26"},{"taxonomy":"product_tag","embeddable":true,"href":"https:\/\/iko.cl\/store\/index.php\/wp-json\/wp\/v2\/product_tag?post=26"}],"curies":[{"name":"wp","href":"https:\/\/api.w.org\/{rel}","templated":true}]}}