{"id":17,"date":"2021-07-23T14:42:28","date_gmt":"2021-07-23T14:42:28","guid":{"rendered":"https:\/\/iko.cl\/store\/?post_type=product&#038;p=17"},"modified":"2023-09-06T18:13:00","modified_gmt":"2023-09-06T18:13:00","slug":"calefactor-domestico","status":"publish","type":"product","link":"https:\/\/iko.cl\/store\/index.php\/product\/calefactor-domestico\/","title":{"rendered":"Calefactor domestico"},"content":{"rendered":"<p>El calefactor dom\u00e9stico infrarrojo IKO produce una incre\u00edble sensaci\u00f3n de bienestar en la piel. Su adaptabilidad permite aprovechar cada espacio, sin importar lo peque\u00f1o que sea, pudiendo instalarse sin inconvenientes en el techo o en la pared.<\/p>\n<p>Su instalaci\u00f3n en el techo no es invasiva y brinda seguridad contra quemaduras, lo que es indispensable cuando hay personas mayores o ni\u00f1os en la casa, logrando siempre un espacio agradable y acogedor para toda la familia.<\/p>\n<p>Adem\u00e1s de ser de bajo consumo tiene una potencia que va desde los 600 hasta los 1500W. Utiliza este calefactor dom\u00e9stico no s\u00f3lo para espacios interiores, sino que tambi\u00e9n en espacios abiertos o exteriores como las terrazas o balcones de tu hogar.<\/p>\n<p>El calefactor europeo IKO, a diferencia de otros, proyecta sus ondas hacia los objetos que est\u00e1n dentro de las habitaciones, manteniendo la temperatura c\u00e1lida de manera constante. Adem\u00e1s de tener un dise\u00f1o minimalista y moderno, son silenciosos, inoloros, no sofocan el aire y sus materiales son 100% reciclables y reutilizables.<\/p>\n","protected":false},"excerpt":{"rendered":"<p>El calefactor dom\u00e9stico infrarrojo IKO produce una incre\u00edble sensaci\u00f3n de bienestar en la piel. Su adaptabilidad permite aprovechar cada espacio, sin importar lo peque\u00f1o que sea, pudiendo instalarse sin inconvenientes en el techo o en la pared. Su instalaci\u00f3n en el techo no es invasiva y brinda seguridad contra quemaduras, lo que es indispensable cuando &#8230; <a title=\"Calefactor domestico\" class=\"read-more\" href=\"https:\/\/iko.cl\/store\/index.php\/product\/calefactor-domestico\/\" aria-label=\"M\u00e1s en Calefactor domestico\">Leer m\u00e1s<\/a><\/p>\n","protected":false},"featured_media":23,"comment_status":"open","ping_status":"closed","template":"","meta":[],"product_cat":[20,22],"product_tag":[],"class_list":["post-17","product","type-product","status-publish","has-post-thumbnail","hentry","product_cat-calefactor","product_cat-domestico","sales-flash-overlay","woocommerce-text-align-center","woocommerce-image-align-center","do-quantity-buttons","wc-has-gallery"],"_links":{"self":[{"href":"https:\/\/iko.cl\/store\/index.php\/wp-json\/wp\/v2\/product\/17","targetHints":{"allow":["GET"]}}],"collection":[{"href":"https:\/\/iko.cl\/store\/index.php\/wp-json\/wp\/v2\/product"}],"about":[{"href":"https:\/\/iko.cl\/store\/index.php\/wp-json\/wp\/v2\/types\/product"}],"replies":[{"embeddable":true,"href":"https:\/\/iko.cl\/store\/index.php\/wp-json\/wp\/v2\/comments?post=17"}],"wp:featuredmedia":[{"embeddable":true,"href":"https:\/\/iko.cl\/store\/index.php\/wp-json\/wp\/v2\/media\/23"}],"wp:attachment":[{"href":"https:\/\/iko.cl\/store\/index.php\/wp-json\/wp\/v2\/media?parent=17"}],"wp:term":[{"taxonomy":"product_cat","embeddable":true,"href":"https:\/\/iko.cl\/store\/index.php\/wp-json\/wp\/v2\/product_cat?post=17"},{"taxonomy":"product_tag","embeddable":true,"href":"https:\/\/iko.cl\/store\/index.php\/wp-json\/wp\/v2\/product_tag?post=17"}],"curies":[{"name":"wp","href":"https:\/\/api.w.org\/{rel}","templated":true}]}}